{"id":43,"date":"2021-03-19T20:41:14","date_gmt":"2021-03-19T20:41:14","guid":{"rendered":"http:\/\/gksgolf.is\/?page_id=43"},"modified":"2025-04-07T10:24:25","modified_gmt":"2025-04-07T10:24:25","slug":"klubbmeistarar","status":"publish","type":"page","link":"http:\/\/gksgolf.is\/?page_id=43","title":{"rendered":"Kl\u00fabbmeistarar"},"content":{"rendered":"\n<p><strong>Kl\u00fabbmeistarar karla:<\/strong><\/p>\n\n\n\n<figure class=\"wp-block-table is-style-stripes\"><table><tbody><tr><td>1977<\/td><td>Gu\u00f0mundur Ragnarsson<\/td><\/tr><tr><td>1978<\/td><td>Hafli\u00f0i Gu\u00f0mundsson&nbsp;<\/td><\/tr><tr><td>1979<\/td><td>Bjarni Har\u00f0arsson<\/td><\/tr><tr><td>1980 &#8211; 1983<\/td><td>Ekki keppt<\/td><\/tr><tr><td>1984<\/td><td>Freyr Sigur\u00f0sson<\/td><\/tr><tr><td>1985<\/td><td>Gu\u00f0mundur Ragnarsson<\/td><\/tr><tr><td>1986<\/td><td>Bjarni Har\u00f0arsson<\/td><\/tr><tr><td>1987 &#8211; 1993<\/td><td>Ekki keppt<\/td><\/tr><tr><td>1994<\/td><td>Bjarni Har\u00f0arsson<\/td><\/tr><tr><td>1995<\/td><td>J\u00f3hann M\u00f6ller<\/td><\/tr><tr><td>1996<\/td><td>J\u00f3hann M\u00f6ller<\/td><\/tr><tr><td>1997<\/td><td>\u00de\u00f3r J\u00f3hannsson<\/td><\/tr><tr><td>1998<\/td><td>J\u00f3hann M\u00f6ller<\/td><\/tr><tr><td>1999<\/td><td>Benedikt \u00deorsteinsson<\/td><\/tr><tr><td>2000<\/td><td>\u00deorsteinn J\u00f3hannsson<\/td><\/tr><tr><td>2001<\/td><td>\u00deorsteinn J\u00f3hannsson<\/td><\/tr><tr><td>2002<\/td><td>\u00deorsteinn J\u00f3hannsson<\/td><\/tr><tr><td>2003<\/td><td>\u00de\u00f3rhallur D\u00fai Ingvarsson<\/td><\/tr><tr><td>2004<\/td><td>\u00deorsteinn J\u00f3hannsson<\/td><\/tr><tr><td>2005<\/td><td>\u00deorsteinn J\u00f3hannsson<\/td><\/tr><tr><td>2006<\/td><td>Benedikt \u00deorsteinsson<\/td><\/tr><tr><td>2007<\/td><td>\u00de\u00f3rhallur D\u00fai Ingvarsson<\/td><\/tr><tr><td>2008<\/td><td>\u00de\u00f3rhallur D\u00fai Ingvarsson<\/td><\/tr><tr><td>2009<\/td><td>\u00deorsteinn J\u00f3hannsson<\/td><\/tr><tr><td>2010<\/td><td>\u00deorsteinn J\u00f3hannsson<\/td><\/tr><tr><td>2011<\/td><td>\u00deorsteinn J\u00f3hannsson<\/td><\/tr><tr><td>2012<\/td><td>J\u00f3hann M\u00e1r Sigurbj\u00f6rnsson<\/td><\/tr><tr><td>2013<\/td><td>Bj\u00f6rn Steinar Stef\u00e1nsson<\/td><\/tr><tr><td>2014<\/td><td>\u00deorsteinn J\u00f3hannsson<\/td><\/tr><tr><td>2015<\/td><td>J\u00f3hann M\u00e1r Sigurbj\u00f6rnsson<\/td><\/tr><tr><td>2016<\/td><td>J\u00f3hann M\u00e1r Sigurbj\u00f6rnsson<\/td><\/tr><tr><td>2017<\/td><td>J\u00f3hann M\u00e1r Sigurbj\u00f6rnsson<\/td><\/tr><tr><td>2018<\/td><td>J\u00f3hann M\u00e1r Sigurbj\u00f6rnsson<\/td><\/tr><tr><td>2019<\/td><td>J\u00f3hann M\u00e1r Sigurbj\u00f6rnsson<\/td><\/tr><tr><td>2020<\/td><td>J\u00f3hann M\u00e1r Sigurbj\u00f6rnsson<\/td><\/tr><tr><td>2021<\/td><td>J\u00f3hann M\u00e1r Sigurbj\u00f6rnsson<\/td><\/tr><tr><td>2022<\/td><td>J\u00f3hann M\u00e1r Sigurbj\u00f6rnsson<\/td><\/tr><tr><td>2023<\/td><td>J\u00f3hann M\u00e1r Sigurbj\u00f6rnsson<\/td><\/tr><tr><td>2024<\/td><td>J\u00f3hann M\u00e1r Sigurbj\u00f6rnsson<\/td><\/tr><\/tbody><\/table><\/figure>\n\n\n\n<p><\/p>\n\n\n\n<p><\/p>\n\n\n\n<p>Kl\u00fabbmeistarar kvenna:<\/p>\n\n\n\n<figure class=\"wp-block-table is-style-stripes\"><table><tbody><tr><td>2003<\/td><td>J\u00f3sef\u00edna Benediktsd\u00f3ttir<\/td><\/tr><tr><td>2004<\/td><td>J\u00f3sef\u00edna Benediktsd\u00f3ttir<\/td><\/tr><tr><td>2005<\/td><td>J\u00f3hanna \u00deorleifsd\u00f3ttir<\/td><\/tr><tr><td>2006<\/td><td>J\u00f3hanna \u00deorleifsd\u00f3ttir<\/td><\/tr><tr><td>2007<\/td><td>J\u00f3sef\u00edna Benediktsd\u00f3ttir<\/td><\/tr><tr><td>2008<\/td><td>Hulda Gu\u00f0veig Magn\u00fasard\u00f3ttir<\/td><\/tr><tr><td>2009<\/td><td>Hulda Gu\u00f0veig Magn\u00fasard\u00f3ttir<\/td><\/tr><tr><td>2010<\/td><td>Hulda Gu\u00f0veig Magn\u00fasard\u00f3ttir<\/td><\/tr><tr><td>2011<\/td><td>J\u00f3sef\u00edna Benediktsd\u00f3ttir<\/td><\/tr><tr><td>2012<\/td><td>Hulda Gu\u00f0veig Magn\u00fasard\u00f3ttir<\/td><\/tr><tr><td>2013<\/td><td>Hulda Gu\u00f0veig Magn\u00fasard\u00f3ttir<\/td><\/tr><tr><td>2014<\/td><td>Hulda Gu\u00f0veig Magn\u00fasard\u00f3ttir<\/td><\/tr><tr><td>2015<\/td><td>Hulda Gu\u00f0veig Magn\u00fasard\u00f3ttir<\/td><\/tr><tr><td>2016<\/td><td>Hulda Gu\u00f0veig Magn\u00fasard\u00f3ttir<\/td><\/tr><tr><td>2017<\/td><td>Hulda Gu\u00f0veig Magn\u00fasard\u00f3ttir<\/td><\/tr><tr><td>2018<\/td><td>\u00d3l\u00edna \u00de\u00f3rey Gu\u00f0j\u00f3nsd\u00f3ttir<\/td><\/tr><tr><td>2019<\/td><td>Hulda Gu\u00f0veig Magn\u00fasard\u00f3ttir<\/td><\/tr><tr><td>2020<\/td><td>Hulda Gu\u00f0veig Magn\u00fasard\u00f3ttir<\/td><\/tr><tr><td>2021<\/td><td>\u00d3l\u00edna \u00de\u00f3rey Gu\u00f0j\u00f3nsd\u00f3ttir<\/td><\/tr><tr><td>2022<\/td><td>\u00d3l\u00edna \u00de\u00f3rey Gu\u00f0j\u00f3nsd\u00f3ttir<\/td><\/tr><tr><td>2023<\/td><td>\u00d3l\u00edna \u00de\u00f3rey Gu\u00f0j\u00f3nsd\u00f3ttir<\/td><\/tr><tr><td>2024<\/td><td>J\u00f3sef\u00edna Benediktsd\u00f3ttir<\/td><\/tr><\/tbody><\/table><\/figure>\n","protected":false},"excerpt":{"rendered":"<p>Kl\u00fabbmeistarar karla: 1977 Gu\u00f0mundur Ragnarsson 1978 Hafli\u00f0i Gu\u00f0mundsson&nbsp; 1979 Bjarni Har\u00f0arsson 1980 &#8211; 1983 Ekki keppt 1984 Freyr Sigur\u00f0sson 1985 Gu\u00f0mundur Ragnarsson 1986 Bjarni Har\u00f0arsson 1987 &#8211; 1993 Ekki keppt 1994 Bjarni Har\u00f0arsson 1995 J\u00f3hann M\u00f6ller 1996 J\u00f3hann M\u00f6ller 1997 \u00de\u00f3r J\u00f3hannsson 1998 J\u00f3hann M\u00f6ller 1999 Benedikt \u00deorsteinsson 2000 \u00deorsteinn J\u00f3hannsson 2001 \u00deorsteinn J\u00f3hannsson 2002 [&hellip;]<\/p>\n","protected":false},"author":1,"featured_media":0,"parent":0,"menu_order":0,"comment_status":"closed","ping_status":"closed","template":"","meta":[],"_links":{"self":[{"href":"http:\/\/gksgolf.is\/index.php?rest_route=\/wp\/v2\/pages\/43"}],"collection":[{"href":"http:\/\/gksgolf.is\/index.php?rest_route=\/wp\/v2\/pages"}],"about":[{"href":"http:\/\/gksgolf.is\/index.php?rest_route=\/wp\/v2\/types\/page"}],"author":[{"embeddable":true,"href":"http:\/\/gksgolf.is\/index.php?rest_route=\/wp\/v2\/users\/1"}],"replies":[{"embeddable":true,"href":"http:\/\/gksgolf.is\/index.php?rest_route=%2Fwp%2Fv2%2Fcomments&post=43"}],"version-history":[{"count":7,"href":"http:\/\/gksgolf.is\/index.php?rest_route=\/wp\/v2\/pages\/43\/revisions"}],"predecessor-version":[{"id":118,"href":"http:\/\/gksgolf.is\/index.php?rest_route=\/wp\/v2\/pages\/43\/revisions\/118"}],"wp:attachment":[{"href":"http:\/\/gksgolf.is\/index.php?rest_route=%2Fwp%2Fv2%2Fmedia&parent=43"}],"curies":[{"name":"wp","href":"https:\/\/api.w.org\/{rel}","templated":true}]}}