{"id":46,"date":"2021-03-19T20:43:15","date_gmt":"2021-03-19T20:43:15","guid":{"rendered":"http:\/\/gksgolf.is\/?page_id=46"},"modified":"2024-02-14T09:27:26","modified_gmt":"2024-02-14T09:27:26","slug":"formannatal","status":"publish","type":"page","link":"http:\/\/gksgolf.is\/?page_id=46","title":{"rendered":"Formannatal"},"content":{"rendered":"\n<p><\/p>\n\n\n\n<figure class=\"wp-block-table\"><table><tbody><tr><td>Valdat\u00edmi<\/td><td>Nafn formanns<\/td><\/tr><tr><td>1970 &#8211; 1974<\/td><td>Hafli\u00f0i Gu\u00f0mundsson<\/td><\/tr><tr><td>1974 &#8211; 1975<\/td><td>J\u00f3n \u00d6. S\u00e6mundsson<\/td><\/tr><tr><td>1975 &#8211; 1976<\/td><td>Freyr Sigur\u00f0sson<\/td><td><\/td><\/tr><tr><td>1976 &#8211; 1977<\/td><td>Kjartan Bjarnason<\/td><\/tr><tr><td>1977 &#8211; 1984<\/td><td>Bjarni Har\u00f0arson<\/td><\/tr><tr><td>1984 &#8211; 1986<\/td><td>Kristinn Gunnarsson<\/td><\/tr><tr><td>1986 &#8211; 1990<\/td><td>Bjarni Har\u00f0arsson<\/td><\/tr><tr><td>1990 &#8211; 1995<\/td><td>Bragi Magn\u00fasson<\/td><\/tr><tr><td>1995 &#8211; 1998<\/td><td>J\u00fal\u00edus Hr. Kristj\u00e1nsson<\/td><\/tr><tr><td>1998 &#8211; 2005<\/td><td>Ingvar Hreinsson<\/td><\/tr><tr><td>2005 &#8211; 2006<\/td><td>Gu\u00f0geir Eyj\u00f3lfsson<\/td><\/tr><tr><td>2006 &#8211; 2012<\/td><td>J\u00f3hanna \u00deorleifsd\u00f3ttir<\/td><\/tr><tr><td>2012 &#8211; 2019<\/td><td>Ingvar Hreinsson<\/td><\/tr><tr><td>2019 &#8211; 2024<\/td><td>J\u00f3hann M\u00e1r Sigurbj\u00f6rnsson<\/td><\/tr><tr><td>2024-<\/td><td>Linda Lea Bogad\u00f3ttir<\/td><\/tr><\/tbody><\/table><\/figure>\n","protected":false},"excerpt":{"rendered":"<p>Valdat\u00edmi Nafn formanns 1970 &#8211; 1974 Hafli\u00f0i Gu\u00f0mundsson 1974 &#8211; 1975 J\u00f3n \u00d6. S\u00e6mundsson 1975 &#8211; 1976 Freyr Sigur\u00f0sson 1976 &#8211; 1977 Kjartan Bjarnason 1977 &#8211; 1984 Bjarni Har\u00f0arson 1984 &#8211; 1986 Kristinn Gunnarsson 1986 &#8211; 1990 Bjarni Har\u00f0arsson 1990 &#8211; 1995 Bragi Magn\u00fasson 1995 &#8211; 1998 J\u00fal\u00edus Hr. Kristj\u00e1nsson 1998 &#8211; 2005 Ingvar Hreinsson [&hellip;]<\/p>\n","protected":false},"author":1,"featured_media":0,"parent":0,"menu_order":0,"comment_status":"closed","ping_status":"closed","template":"","meta":[],"_links":{"self":[{"href":"http:\/\/gksgolf.is\/index.php?rest_route=\/wp\/v2\/pages\/46"}],"collection":[{"href":"http:\/\/gksgolf.is\/index.php?rest_route=\/wp\/v2\/pages"}],"about":[{"href":"http:\/\/gksgolf.is\/index.php?rest_route=\/wp\/v2\/types\/page"}],"author":[{"embeddable":true,"href":"http:\/\/gksgolf.is\/index.php?rest_route=\/wp\/v2\/users\/1"}],"replies":[{"embeddable":true,"href":"http:\/\/gksgolf.is\/index.php?rest_route=%2Fwp%2Fv2%2Fcomments&post=46"}],"version-history":[{"count":4,"href":"http:\/\/gksgolf.is\/index.php?rest_route=\/wp\/v2\/pages\/46\/revisions"}],"predecessor-version":[{"id":72,"href":"http:\/\/gksgolf.is\/index.php?rest_route=\/wp\/v2\/pages\/46\/revisions\/72"}],"wp:attachment":[{"href":"http:\/\/gksgolf.is\/index.php?rest_route=%2Fwp%2Fv2%2Fmedia&parent=46"}],"curies":[{"name":"wp","href":"https:\/\/api.w.org\/{rel}","templated":true}]}}