{"id":49,"date":"2021-03-19T20:48:10","date_gmt":"2021-03-19T20:48:10","guid":{"rendered":"http:\/\/gksgolf.is\/?page_id=49"},"modified":"2025-02-27T10:31:42","modified_gmt":"2025-02-27T10:31:42","slug":"gjaldskra","status":"publish","type":"page","link":"http:\/\/gksgolf.is\/?page_id=49","title":{"rendered":"Gjaldskr\u00e1 2025"},"content":{"rendered":"\n<figure id=\"clubTable\" class=\"wp-block-table is-style-stripes\"><table><tbody><tr><td><strong>\u00c1rgj\u00f6ld:<\/strong><\/td><td><\/td><td><\/td><\/tr><tr><td>Fullor\u00f0nir einstaklingar (19-67):<\/td><td>86.500 kr.<\/td><td><\/td><\/tr><tr><td>*Fullt gjald 19-67 hj\u00f3na<\/td><td>82.000 kr.<\/td><td><\/td><\/tr><tr><td>N\u00fdli\u00f0ar:<\/td><td>70.000 kr.<\/td><td><\/td><\/tr><tr><td>67+:<\/td><td>75.500 kr.<\/td><td><\/td><\/tr><tr><td>67+ hj\u00f3na:<\/td><td>71.700 kr.<\/td><td><\/td><\/tr><tr><td>13 &#8211; 18 \u00e1ra:<\/td><td>37.000 kr.<\/td><td><\/td><\/tr><tr><td>12 \u00e1ra og yngri:<\/td><td>21.000 kr.<\/td><td><\/td><\/tr><tr><td>**Auka\u00f0ild:<\/td><td>50.000 kr.<\/td><td><\/td><\/tr><tr><td><strong>Vallargj\u00f6ld:<\/strong><\/td><td><\/td><td><\/td><\/tr><tr><td>Flatargjald:<\/td><td>6.600 kr.<\/td><td><\/td><\/tr><tr><td><strong>Leiga \u00e1 b\u00fana\u00f0i:<\/strong><\/td><td><\/td><td><\/td><\/tr><tr><td>Golfb\u00edll:<\/td><td>5.900 kr.<\/td><td><\/td><\/tr><tr><td>Golfkerra:<\/td><td>1.500 kr.<\/td><td><\/td><\/tr><\/tbody><\/table><figcaption>\u00c1rgjaldi 2025 fylgja tveir hringir a\u00f0 Ja\u00f0ri a\u00f0 ver\u00f0m\u00e6ti 17.800 kr. <br>* 2025 er 5% hj\u00f3naafsl\u00e1ttur sem fellur svo \u00fat 2026<br>**Kylfingur \u00fearf a\u00f0 vera \u00ed \u00f6\u00f0rum golfkl\u00fabb sem a\u00f0alkl\u00fabb. Me\u00f0 aukaa\u00f0ild fylgja ekki hringir a\u00f0 Ja\u00f0ri. <\/figcaption><\/figure>\n\n\n\n<p><\/p>\n","protected":false},"excerpt":{"rendered":"<p>\u00c1rgj\u00f6ld: Fullor\u00f0nir einstaklingar (19-67): 86.500 kr. *Fullt gjald 19-67 hj\u00f3na 82.000 kr. N\u00fdli\u00f0ar: 70.000 kr. 67+: 75.500 kr. 67+ hj\u00f3na: 71.700 kr. 13 &#8211; 18 \u00e1ra: 37.000 kr. 12 \u00e1ra og yngri: 21.000 kr. **Auka\u00f0ild: 50.000 kr. Vallargj\u00f6ld: Flatargjald: 6.600 kr. Leiga \u00e1 b\u00fana\u00f0i: Golfb\u00edll: 5.900 kr. Golfkerra: 1.500 kr. \u00c1rgjaldi 2025 fylgja tveir hringir [&hellip;]<\/p>\n","protected":false},"author":1,"featured_media":0,"parent":0,"menu_order":0,"comment_status":"closed","ping_status":"closed","template":"","meta":[],"_links":{"self":[{"href":"http:\/\/gksgolf.is\/index.php?rest_route=\/wp\/v2\/pages\/49"}],"collection":[{"href":"http:\/\/gksgolf.is\/index.php?rest_route=\/wp\/v2\/pages"}],"about":[{"href":"http:\/\/gksgolf.is\/index.php?rest_route=\/wp\/v2\/types\/page"}],"author":[{"embeddable":true,"href":"http:\/\/gksgolf.is\/index.php?rest_route=\/wp\/v2\/users\/1"}],"replies":[{"embeddable":true,"href":"http:\/\/gksgolf.is\/index.php?rest_route=%2Fwp%2Fv2%2Fcomments&post=49"}],"version-history":[{"count":7,"href":"http:\/\/gksgolf.is\/index.php?rest_route=\/wp\/v2\/pages\/49\/revisions"}],"predecessor-version":[{"id":115,"href":"http:\/\/gksgolf.is\/index.php?rest_route=\/wp\/v2\/pages\/49\/revisions\/115"}],"wp:attachment":[{"href":"http:\/\/gksgolf.is\/index.php?rest_route=%2Fwp%2Fv2%2Fmedia&parent=49"}],"curies":[{"name":"wp","href":"https:\/\/api.w.org\/{rel}","templated":true}]}}