{"id":8,"date":"2020-08-26T09:31:03","date_gmt":"2020-08-26T09:31:03","guid":{"rendered":"http:\/\/gksgolf.is\/?page_id=8"},"modified":"2025-04-07T11:22:40","modified_gmt":"2025-04-07T11:22:40","slug":"contact","status":"publish","type":"page","link":"http:\/\/gksgolf.is\/?page_id=8","title":{"rendered":"Stj\u00f3rn"},"content":{"rendered":"\n<h4>A\u00f0almenn \u00ed stj\u00f3rn<\/h4>\n\n\n\n<figure class=\"wp-block-table is-style-stripes\"><table><tbody><tr><td><strong><span class=\"has-inline-color has-secondary-color\">Naf<\/span><\/strong>n<\/td><td><strong><span class=\"has-inline-color has-secondary-color\">S\u00edmi<\/span><\/strong>        <\/td><td><strong><span class=\"has-inline-color has-secondary-color\">Netfang<\/span><\/strong>                      <\/td><\/tr><tr><td>Halld\u00f3r \u00deormar forma\u00f0ur<\/td><td><sub>897 9707<\/sub><\/td><td><a href=\"mailto:8979707@gmail.com\"><sub>8979707@gmail.com<\/sub><\/a><\/td><\/tr><tr><td>Linda Lea Bogad\u00f3ttir varaforma\u00f0ur<\/td><td><sub>861 0268<\/sub>  <\/td><td><sub><a href=\"mailto:lindalea68@gmail.com\">lindalea68@gmail.com<\/a> <\/sub>    <\/td><\/tr><tr><td>\u00d3l\u00edna \u00de\u00f3rey Gu\u00f0j\u00f3nsd\u00f3ttir ritari<\/td><td><\/td><td><\/td><\/tr><tr><td>Siggeir Haukur \u00d3lafsson gjaldkeri<\/td><td><\/td><td><\/td><\/tr><\/tbody><\/table><\/figure>\n\n\n\n<h4>Me\u00f0stj\u00f3rnendur<\/h4>\n\n\n\n<figure class=\"wp-block-table is-style-stripes\"><table><tbody><tr><td><strong><span class=\"has-inline-color has-secondary-color\">Nafn<\/span><\/strong>                                                <\/td><td><\/td><td><\/td><\/tr><tr><td>S\u00e6var \u00d6rn K\u00e1rason<\/td><td><\/td><td><\/td><\/tr><tr><td>J\u00f3ahnn M\u00e1r Sigurbj\u00f6rnsson<\/td><td><\/td><td><\/td><\/tr><tr><td><\/td><td><\/td><td><\/td><\/tr><\/tbody><\/table><\/figure>\n\n\n\n<h4>Varamenn \u00ed stj\u00f3rn<\/h4>\n\n\n\n<figure class=\"wp-block-table is-style-stripes\"><table><tbody><tr><td><strong><span class=\"has-inline-color has-secondary-color\">Nafn<\/span><\/strong>                                                <\/td><td><\/td><td><\/td><\/tr><tr><td>Benedikt \u00deorsteinsson<\/td><td><\/td><td><\/td><\/tr><tr><td>\u00d3lafur Haukur K\u00e1rason<\/td><td><\/td><td><\/td><\/tr><tr><td>Hanna Bj\u00f6rnsd\u00f3ttir<\/td><td><\/td><td><\/td><\/tr><\/tbody><\/table><\/figure>\n\n\n\n<h4>M\u00f3tastj\u00f3rn<\/h4>\n\n\n\n<figure class=\"wp-block-table is-style-stripes\"><table><tbody><tr><td><strong><span class=\"has-inline-color has-secondary-color\">Nafn<\/span><\/strong>                                                <\/td><td><\/td><td><\/td><\/tr><tr><td>S\u00e6var \u00d6rn K\u00e1rason Forma\u00f0ur m\u00f3tanefnda<\/td><td><\/td><td><\/td><\/tr><tr><td>\u00d3lafur Bj\u00f6rnsson<\/td><td><\/td><td><\/td><\/tr><tr><td>Sigurgeir Haukur \u00d3lafsson<\/td><td><\/td><td><\/td><\/tr><tr><td>\u00deorsteinn J\u00f3hannsson<\/td><td><\/td><td><\/td><\/tr><tr><td><\/td><td><\/td><td><\/td><\/tr><\/tbody><\/table><\/figure>\n\n\n\n<h4>Forgjafanefnd og aganefnd<\/h4>\n\n\n\n<figure class=\"wp-block-table is-style-stripes\"><table><tbody><tr><td>Nafn<\/td><td><\/td><\/tr><tr><td>J\u00f3hann M\u00e1r Sigurbj\u00f6rnsson<\/td><td><\/td><\/tr><\/tbody><\/table><\/figure>\n\n\n\n<h4>N\u00fdli\u00f0anefnd<\/h4>\n\n\n\n<figure class=\"wp-block-table is-style-stripes\"><table><tbody><tr><td>Nafn<\/td><td><\/td><\/tr><tr><td>\u00c1sa Gu\u00f0r\u00fan Sverrisd\u00f3ttir<\/td><td><\/td><\/tr><\/tbody><\/table><\/figure>\n\n\n\n<p><\/p>\n","protected":false},"excerpt":{"rendered":"<p>A\u00f0almenn \u00ed stj\u00f3rn Nafn S\u00edmi Netfang Halld\u00f3r \u00deormar forma\u00f0ur 897 9707 8979707@gmail.com Linda Lea Bogad\u00f3ttir varaforma\u00f0ur 861 0268 lindalea68@gmail.com \u00d3l\u00edna \u00de\u00f3rey Gu\u00f0j\u00f3nsd\u00f3ttir ritari Siggeir Haukur \u00d3lafsson gjaldkeri Me\u00f0stj\u00f3rnendur Nafn S\u00e6var \u00d6rn K\u00e1rason J\u00f3ahnn M\u00e1r Sigurbj\u00f6rnsson Varamenn \u00ed stj\u00f3rn Nafn Benedikt \u00deorsteinsson \u00d3lafur Haukur K\u00e1rason Hanna Bj\u00f6rnsd\u00f3ttir M\u00f3tastj\u00f3rn Nafn S\u00e6var \u00d6rn K\u00e1rason Forma\u00f0ur m\u00f3tanefnda \u00d3lafur Bj\u00f6rnsson [&hellip;]<\/p>\n","protected":false},"author":1,"featured_media":0,"parent":0,"menu_order":0,"comment_status":"closed","ping_status":"closed","template":"","meta":[],"_links":{"self":[{"href":"http:\/\/gksgolf.is\/index.php?rest_route=\/wp\/v2\/pages\/8"}],"collection":[{"href":"http:\/\/gksgolf.is\/index.php?rest_route=\/wp\/v2\/pages"}],"about":[{"href":"http:\/\/gksgolf.is\/index.php?rest_route=\/wp\/v2\/types\/page"}],"author":[{"embeddable":true,"href":"http:\/\/gksgolf.is\/index.php?rest_route=\/wp\/v2\/users\/1"}],"replies":[{"embeddable":true,"href":"http:\/\/gksgolf.is\/index.php?rest_route=%2Fwp%2Fv2%2Fcomments&post=8"}],"version-history":[{"count":16,"href":"http:\/\/gksgolf.is\/index.php?rest_route=\/wp\/v2\/pages\/8\/revisions"}],"predecessor-version":[{"id":124,"href":"http:\/\/gksgolf.is\/index.php?rest_route=\/wp\/v2\/pages\/8\/revisions\/124"}],"wp:attachment":[{"href":"http:\/\/gksgolf.is\/index.php?rest_route=%2Fwp%2Fv2%2Fmedia&parent=8"}],"curies":[{"name":"wp","href":"https:\/\/api.w.org\/{rel}","templated":true}]}}